{"id":281,"date":"2025-10-07T09:57:46","date_gmt":"2025-10-07T08:57:46","guid":{"rendered":"https:\/\/mareikemutzberg.com\/?page_id=281"},"modified":"2026-02-13T07:50:33","modified_gmt":"2026-02-13T06:50:33","slug":"impressum","status":"publish","type":"page","link":"https:\/\/mareikemutzberg.com\/de\/impressum\/","title":{"rendered":"Impressum"},"content":{"rendered":"\n<p><strong>Diensteanbieter (\u00a7 5 TMG)<\/strong><br>Mareike Mutzberg, Brucker Str. 22c, 82205 Gilching, Deutschland<\/p>\n\n\n\n<p><strong>Kontakt<\/strong><br>E-Mail: mareike@mareikemutzberg.com<\/p>\n\n\n\n<p><strong>Verantwortlich f\u00fcr den Inhalt (\u00a7 18 Abs. 2 MStV)<\/strong><br>Mareike Mutzberg, Brucker Str. 22c, 82205 Gilching, Deutschland<\/p>\n\n\n\n<p><strong>Verbraucherstreitbeilegung<\/strong><br>Plattform der EU-Kommission zur Online-Streitbeilegung: <a>https:\/\/ec.europa.eu\/consumers\/odr<\/a><br>Ich bin [nicht bereit \/ bereit], an Streitbeilegungsverfahren vor einer Verbraucherschlichtungsstelle teilzunehmen.<\/p>\n\n\n\n<p><strong>Urheberrecht &amp; Bildnachweise<\/strong><br>Die Inhalte dieser Website sind urheberrechtlich gesch\u00fctzt. Eine Nutzung ist nur nach vorheriger schriftlicher Zustimmung gestattet.<br>Bildnachweise: EIS.<\/p>\n\n\n\n<p><strong>Haftung f\u00fcr Inhalte &amp; Links<\/strong><br>Die Inhalte wurden mit gr\u00f6\u00dfter Sorgfalt erstellt; f\u00fcr Vollst\u00e4ndigkeit und Aktualit\u00e4t kann ich jedoch keine Gew\u00e4hr \u00fcbernehmen. F\u00fcr eigene Inhalte bin ich nach den allgemeinen Gesetzen verantwortlich. F\u00fcr Inhalte externer Links sind die jeweiligen Anbieter verantwortlich. Eine permanente inhaltliche Kontrolle verlinkter Seiten ist ohne konkrete Anhaltspunkte einer Rechtsverletzung nicht zumutbar. Bei Bekanntwerden von Rechtsverletzungen entferne ich derartige Links umgehend.<\/p>\n\n\n\n<p><strong>Hosting-Provider<\/strong><br>united-domains AG, Gautinger Stra\u00dfe 10, 82319 Starnberg, Deutschland.<\/p>\n\n\n\n<p><strong>Stand:<\/strong> 07. Oktober 2025<\/p>\n\n\n\n<p><\/p>\n\n\n\n<h1 class=\"wp-block-heading\">Legal Notice <\/h1>\n\n\n\n<p><strong>Website Owner \/ Service Provider (per \u00a7 5 TMG)<\/strong><br>Mareike Mutzberg, Brucker Str. 22c, 82205 Gilching, Germany<\/p>\n\n\n\n<p><strong>Contact<\/strong><br>Email: Mareike@mareikemutzberg.com<br><\/p>\n\n\n\n<p><strong>Responsible for Editorial Content (\u00a7 18 Abs. 2 MStV)<\/strong><br>Mareike Mutzberg, Brucker Str. 22c, 82205 Gilching, Germany<\/p>\n\n\n\n<p><strong>Dispute Resolution (EU Consumers)<\/strong><br>Online dispute resolution platform of the European Commission: <a>https:\/\/ec.europa.eu\/consumers\/odr<\/a><br>I am [not willing \/ willing] to participate in dispute resolution proceedings before a consumer arbitration board.<\/p>\n\n\n\n<p><strong>Copyright &amp; Image Credits<\/strong><br>Text and images on this website are protected by copyright. Use only with prior written permission.<br>Image credits: EIS.<\/p>\n\n\n\n<p><strong>Liability for Content &amp; Links<\/strong><br>I create the content on this site with care; however, I cannot guarantee completeness or accuracy. I am responsible for my own content under general laws. For external links, the respective providers are responsible. I checked linked content at the time of linking; ongoing monitoring without concrete indications of a violation is not reasonable. Upon becoming aware of legal violations, I will remove such links promptly.<\/p>\n\n\n\n<p><strong>Hosting Provider<\/strong><br>united-domains AG, Gautinger Stra\u00dfe 10, 82319 Starnberg, Germany.<\/p>\n\n\n\n<p><strong>Last updated:<\/strong> 07 October 2025<\/p>\n","protected":false},"excerpt":{"rendered":"<p>Diensteanbieter (\u00a7 5 TMG)Mareike Mutzberg, Brucker Str. 22c, 82205 Gilching, Deutschland KontaktE-Mail: mareike@mareikemutzberg.com Verantwortlich f\u00fcr den Inhalt (\u00a7 18 Abs. 2 MStV)Mareike Mutzberg, Brucker Str. 22c, 82205 Gilching, Deutschland VerbraucherstreitbeilegungPlattform der EU-Kommission zur Online-Streitbeilegung: https:\/\/ec.europa.eu\/consumers\/odrIch bin [nicht bereit \/ bereit], an Streitbeilegungsverfahren vor einer Verbraucherschlichtungsstelle teilzunehmen. Urheberrecht &amp; BildnachweiseDie Inhalte dieser Website sind urheberrechtlich gesch\u00fctzt. [&hellip;]<\/p>\n","protected":false},"author":3,"featured_media":0,"parent":0,"menu_order":0,"comment_status":"closed","ping_status":"closed","template":"page-with-title","meta":{"_kadence_starter_templates_imported_post":false,"footnotes":""},"class_list":["post-281","page","type-page","status-publish","hentry"],"aioseo_notices":[],"_links":{"self":[{"href":"https:\/\/mareikemutzberg.com\/de\/wp-json\/wp\/v2\/pages\/281","targetHints":{"allow":["GET"]}}],"collection":[{"href":"https:\/\/mareikemutzberg.com\/de\/wp-json\/wp\/v2\/pages"}],"about":[{"href":"https:\/\/mareikemutzberg.com\/de\/wp-json\/wp\/v2\/types\/page"}],"author":[{"embeddable":true,"href":"https:\/\/mareikemutzberg.com\/de\/wp-json\/wp\/v2\/users\/3"}],"replies":[{"embeddable":true,"href":"https:\/\/mareikemutzberg.com\/de\/wp-json\/wp\/v2\/comments?post=281"}],"version-history":[{"count":3,"href":"https:\/\/mareikemutzberg.com\/de\/wp-json\/wp\/v2\/pages\/281\/revisions"}],"predecessor-version":[{"id":2847,"href":"https:\/\/mareikemutzberg.com\/de\/wp-json\/wp\/v2\/pages\/281\/revisions\/2847"}],"wp:attachment":[{"href":"https:\/\/mareikemutzberg.com\/de\/wp-json\/wp\/v2\/media?parent=281"}],"curies":[{"name":"wp","href":"https:\/\/api.w.org\/{rel}","templated":true}]}}