{"id":2655,"date":"2026-02-12T11:09:50","date_gmt":"2026-02-12T10:09:50","guid":{"rendered":"https:\/\/mareikemutzberg.com\/?page_id=2655"},"modified":"2026-02-12T14:31:58","modified_gmt":"2026-02-12T13:31:58","slug":"what-readers-say","status":"publish","type":"page","link":"https:\/\/mareikemutzberg.com\/de\/what-readers-say\/","title":{"rendered":"What readers say"},"content":{"rendered":"<h1 class=\"wp-block-heading has-text-align-center\" style=\"padding-top:var(--wp--preset--spacing--50);padding-bottom:var(--wp--preset--spacing--50)\"><strong>Resonating Minds: What Readers Are Saying<\/strong><\/h1>\n\n\n\n<div class=\"wp-block-kadence-column kadence-column2655_587443-16 alignwide\"><div class=\"kt-inside-inner-col\"><div class=\"kb-gallery-wrap-id-2655_d491ae-eb alignnone wp-block-kadence-advancedgallery\"><div class=\"kb-gallery-ul kb-gallery-non-static kb-gallery-type-fluidcarousel kb-gallery-id-2655_d491ae-eb kb-gallery-caption-style-bottom-hover kb-gallery-filter-none kb-gallery-magnific-init\" data-image-filter=\"none\" data-lightbox-caption=\"true\"><div class=\"kt-blocks-carousel splide kt-carousel-container-dotstyle-dark kt-carousel-arrowstyle-whiteondark kt-carousel-dotstyle-dark kb-slider-group-arrow kb-slider-arrow-position-center\" data-slider-anim-speed=\"400\" data-slider-scroll=\"1\" data-slider-arrows=\"true\" data-slider-dots=\"true\" data-slider-hover-pause=\"false\" data-slider-auto=\"1\" data-slider-speed=\"7000\" data-slider-type=\"fluidcarousel\" data-slider-center-mode=\"true\" data-slider-gap=\"110px\" data-slider-gap-tablet=\"110px\" data-slider-gap-mobile=\"110px\" data-show-pause-button=\"false\"><div class=\"splide__track\"><ul class=\"kt-blocks-carousel-init kb-blocks-fluid-carousel splide__list\"><li class=\"kb-slide-item kb-gallery-carousel-item splide__slide\"><div class=\"kadence-blocks-gallery-item\"><div class=\"kadence-blocks-gallery-item-inner\"><figure class=\"kb-gallery-figure kb-gallery-item-has-link kadence-blocks-gallery-item-hide-caption\"><a href=\"https:\/\/mareikemutzberg.com\/wp-content\/uploads\/2026\/02\/1-1.png\" class=\"kb-gallery-item-link\"   role=\"button\" aria-haspopup=\"dialog\"><div class=\"kb-gal-image-radius\"><div class=\"kb-gallery-image-contain\" ><img loading=\"lazy\" decoding=\"async\" src=\"https:\/\/mareikemutzberg.com\/wp-content\/uploads\/2026\/02\/1-1-1024x1024.png\" width=\"1024\" height=\"1024\" alt=\"\" data-full-image=\"https:\/\/mareikemutzberg.com\/wp-content\/uploads\/2026\/02\/1-1.png\" data-light-image=\"https:\/\/mareikemutzberg.com\/wp-content\/uploads\/2026\/02\/1-1.png\" data-id=\"2665\" class=\"wp-image-2665 skip-lazy\" srcset=\"https:\/\/mareikemutzberg.com\/wp-content\/uploads\/2026\/02\/1-1-1024x1024.png 1024w, https:\/\/mareikemutzberg.com\/wp-content\/uploads\/2026\/02\/1-1-300x300.png 300w, https:\/\/mareikemutzberg.com\/wp-content\/uploads\/2026\/02\/1-1-150x150.png 150w, https:\/\/mareikemutzberg.com\/wp-content\/uploads\/2026\/02\/1-1-768x768.png 768w, https:\/\/mareikemutzberg.com\/wp-content\/uploads\/2026\/02\/1-1.png 1200w\" sizes=\"auto, (max-width: 1024px) 100vw, 1024px\" \/><\/div><\/div><\/a><\/figure><\/div><\/div><\/li><li class=\"kb-slide-item kb-gallery-carousel-item splide__slide\"><div class=\"kadence-blocks-gallery-item\"><div class=\"kadence-blocks-gallery-item-inner\"><figure class=\"kb-gallery-figure kb-gallery-item-has-link kadence-blocks-gallery-item-hide-caption\"><a href=\"https:\/\/mareikemutzberg.com\/wp-content\/uploads\/2026\/02\/8.png\" class=\"kb-gallery-item-link\"   role=\"button\" aria-haspopup=\"dialog\"><div class=\"kb-gal-image-radius\"><div class=\"kb-gallery-image-contain\" ><img loading=\"lazy\" decoding=\"async\" src=\"https:\/\/mareikemutzberg.com\/wp-content\/uploads\/2026\/02\/8-1024x1024.png\" width=\"1024\" height=\"1024\" alt=\"\" data-full-image=\"https:\/\/mareikemutzberg.com\/wp-content\/uploads\/2026\/02\/8.png\" data-light-image=\"https:\/\/mareikemutzberg.com\/wp-content\/uploads\/2026\/02\/8.png\" data-id=\"2664\" class=\"wp-image-2664 skip-lazy\" srcset=\"https:\/\/mareikemutzberg.com\/wp-content\/uploads\/2026\/02\/8-1024x1024.png 1024w, https:\/\/mareikemutzberg.com\/wp-content\/uploads\/2026\/02\/8-300x300.png 300w, https:\/\/mareikemutzberg.com\/wp-content\/uploads\/2026\/02\/8-150x150.png 150w, https:\/\/mareikemutzberg.com\/wp-content\/uploads\/2026\/02\/8-768x768.png 768w, https:\/\/mareikemutzberg.com\/wp-content\/uploads\/2026\/02\/8.png 1200w\" sizes=\"auto, (max-width: 1024px) 100vw, 1024px\" \/><\/div><\/div><\/a><\/figure><\/div><\/div><\/li><li class=\"kb-slide-item kb-gallery-carousel-item splide__slide\"><div class=\"kadence-blocks-gallery-item\"><div class=\"kadence-blocks-gallery-item-inner\"><figure class=\"kb-gallery-figure kb-gallery-item-has-link kadence-blocks-gallery-item-hide-caption\"><a href=\"https:\/\/mareikemutzberg.com\/wp-content\/uploads\/2026\/02\/5.png\" class=\"kb-gallery-item-link\"   role=\"button\" aria-haspopup=\"dialog\"><div class=\"kb-gal-image-radius\"><div class=\"kb-gallery-image-contain\" ><img loading=\"lazy\" decoding=\"async\" src=\"https:\/\/mareikemutzberg.com\/wp-content\/uploads\/2026\/02\/5.png\" width=\"1200\" height=\"1200\" alt=\"\" data-full-image=\"https:\/\/mareikemutzberg.com\/wp-content\/uploads\/2026\/02\/5.png\" data-light-image=\"https:\/\/mareikemutzberg.com\/wp-content\/uploads\/2026\/02\/5.png\" data-id=\"2661\" class=\"wp-image-2661 skip-lazy\"\/><\/div><\/div><\/a><\/figure><\/div><\/div><\/li><li class=\"kb-slide-item kb-gallery-carousel-item splide__slide\"><div class=\"kadence-blocks-gallery-item\"><div class=\"kadence-blocks-gallery-item-inner\"><figure class=\"kb-gallery-figure kb-gallery-item-has-link kadence-blocks-gallery-item-hide-caption\"><a href=\"https:\/\/mareikemutzberg.com\/wp-content\/uploads\/2026\/02\/3.png\" class=\"kb-gallery-item-link\"   role=\"button\" aria-haspopup=\"dialog\"><div class=\"kb-gal-image-radius\"><div class=\"kb-gallery-image-contain\" ><img loading=\"lazy\" decoding=\"async\" src=\"https:\/\/mareikemutzberg.com\/wp-content\/uploads\/2026\/02\/3-1024x1024.png\" width=\"1024\" height=\"1024\" alt=\"\" data-full-image=\"https:\/\/mareikemutzberg.com\/wp-content\/uploads\/2026\/02\/3.png\" data-light-image=\"https:\/\/mareikemutzberg.com\/wp-content\/uploads\/2026\/02\/3.png\" data-id=\"2659\" class=\"wp-image-2659 skip-lazy\" srcset=\"https:\/\/mareikemutzberg.com\/wp-content\/uploads\/2026\/02\/3-1024x1024.png 1024w, https:\/\/mareikemutzberg.com\/wp-content\/uploads\/2026\/02\/3-300x300.png 300w, https:\/\/mareikemutzberg.com\/wp-content\/uploads\/2026\/02\/3-150x150.png 150w, https:\/\/mareikemutzberg.com\/wp-content\/uploads\/2026\/02\/3-768x768.png 768w, https:\/\/mareikemutzberg.com\/wp-content\/uploads\/2026\/02\/3.png 1200w\" sizes=\"auto, (max-width: 1024px) 100vw, 1024px\" \/><\/div><\/div><\/a><\/figure><\/div><\/div><\/li><li class=\"kb-slide-item kb-gallery-carousel-item splide__slide\"><div class=\"kadence-blocks-gallery-item\"><div class=\"kadence-blocks-gallery-item-inner\"><figure class=\"kb-gallery-figure kb-gallery-item-has-link kadence-blocks-gallery-item-hide-caption\"><a href=\"https:\/\/mareikemutzberg.com\/wp-content\/uploads\/2026\/02\/7.png\" class=\"kb-gallery-item-link\"   role=\"button\" aria-haspopup=\"dialog\"><div class=\"kb-gal-image-radius\"><div class=\"kb-gallery-image-contain\" ><img loading=\"lazy\" decoding=\"async\" src=\"https:\/\/mareikemutzberg.com\/wp-content\/uploads\/2026\/02\/7-1024x1024.png\" width=\"1024\" height=\"1024\" alt=\"\" data-full-image=\"https:\/\/mareikemutzberg.com\/wp-content\/uploads\/2026\/02\/7.png\" data-light-image=\"https:\/\/mareikemutzberg.com\/wp-content\/uploads\/2026\/02\/7.png\" data-id=\"2663\" class=\"wp-image-2663 skip-lazy\" srcset=\"https:\/\/mareikemutzberg.com\/wp-content\/uploads\/2026\/02\/7-1024x1024.png 1024w, https:\/\/mareikemutzberg.com\/wp-content\/uploads\/2026\/02\/7-300x300.png 300w, https:\/\/mareikemutzberg.com\/wp-content\/uploads\/2026\/02\/7-150x150.png 150w, https:\/\/mareikemutzberg.com\/wp-content\/uploads\/2026\/02\/7-768x768.png 768w, https:\/\/mareikemutzberg.com\/wp-content\/uploads\/2026\/02\/7.png 1200w\" sizes=\"auto, (max-width: 1024px) 100vw, 1024px\" \/><\/div><\/div><\/a><\/figure><\/div><\/div><\/li><li class=\"kb-slide-item kb-gallery-carousel-item splide__slide\"><div class=\"kadence-blocks-gallery-item\"><div class=\"kadence-blocks-gallery-item-inner\"><figure class=\"kb-gallery-figure kb-gallery-item-has-link kadence-blocks-gallery-item-hide-caption\"><a href=\"https:\/\/mareikemutzberg.com\/wp-content\/uploads\/2026\/02\/4.png\" class=\"kb-gallery-item-link\"   role=\"button\" aria-haspopup=\"dialog\"><div class=\"kb-gal-image-radius\"><div class=\"kb-gallery-image-contain\" ><img loading=\"lazy\" decoding=\"async\" src=\"https:\/\/mareikemutzberg.com\/wp-content\/uploads\/2026\/02\/4-1024x1024.png\" width=\"1024\" height=\"1024\" alt=\"\" data-full-image=\"https:\/\/mareikemutzberg.com\/wp-content\/uploads\/2026\/02\/4.png\" data-light-image=\"https:\/\/mareikemutzberg.com\/wp-content\/uploads\/2026\/02\/4.png\" data-id=\"2660\" class=\"wp-image-2660 skip-lazy\" srcset=\"https:\/\/mareikemutzberg.com\/wp-content\/uploads\/2026\/02\/4-1024x1024.png 1024w, https:\/\/mareikemutzberg.com\/wp-content\/uploads\/2026\/02\/4-300x300.png 300w, https:\/\/mareikemutzberg.com\/wp-content\/uploads\/2026\/02\/4-150x150.png 150w, https:\/\/mareikemutzberg.com\/wp-content\/uploads\/2026\/02\/4-768x768.png 768w, https:\/\/mareikemutzberg.com\/wp-content\/uploads\/2026\/02\/4.png 1200w\" sizes=\"auto, (max-width: 1024px) 100vw, 1024px\" \/><\/div><\/div><\/a><\/figure><\/div><\/div><\/li><li class=\"kb-slide-item kb-gallery-carousel-item splide__slide\"><div class=\"kadence-blocks-gallery-item\"><div class=\"kadence-blocks-gallery-item-inner\"><figure class=\"kb-gallery-figure kb-gallery-item-has-link kadence-blocks-gallery-item-hide-caption\"><a href=\"https:\/\/mareikemutzberg.com\/wp-content\/uploads\/2026\/02\/6.png\" class=\"kb-gallery-item-link\"   role=\"button\" aria-haspopup=\"dialog\"><div class=\"kb-gal-image-radius\"><div class=\"kb-gallery-image-contain\" ><img loading=\"lazy\" decoding=\"async\" src=\"https:\/\/mareikemutzberg.com\/wp-content\/uploads\/2026\/02\/6-1024x1024.png\" width=\"1024\" height=\"1024\" alt=\"\" data-full-image=\"https:\/\/mareikemutzberg.com\/wp-content\/uploads\/2026\/02\/6.png\" data-light-image=\"https:\/\/mareikemutzberg.com\/wp-content\/uploads\/2026\/02\/6.png\" data-id=\"2662\" class=\"wp-image-2662 skip-lazy\" srcset=\"https:\/\/mareikemutzberg.com\/wp-content\/uploads\/2026\/02\/6-1024x1024.png 1024w, https:\/\/mareikemutzberg.com\/wp-content\/uploads\/2026\/02\/6-300x300.png 300w, https:\/\/mareikemutzberg.com\/wp-content\/uploads\/2026\/02\/6-150x150.png 150w, https:\/\/mareikemutzberg.com\/wp-content\/uploads\/2026\/02\/6-768x768.png 768w, https:\/\/mareikemutzberg.com\/wp-content\/uploads\/2026\/02\/6.png 1200w\" sizes=\"auto, (max-width: 1024px) 100vw, 1024px\" \/><\/div><\/div><\/a><\/figure><\/div><\/div><\/li><li class=\"kb-slide-item kb-gallery-carousel-item splide__slide\"><div class=\"kadence-blocks-gallery-item\"><div class=\"kadence-blocks-gallery-item-inner\"><figure class=\"kb-gallery-figure kb-gallery-item-has-link kadence-blocks-gallery-item-hide-caption\"><a href=\"https:\/\/mareikemutzberg.com\/wp-content\/uploads\/2026\/02\/2.png\" class=\"kb-gallery-item-link\"   role=\"button\" aria-haspopup=\"dialog\"><div class=\"kb-gal-image-radius\"><div class=\"kb-gallery-image-contain\" ><img loading=\"lazy\" decoding=\"async\" src=\"https:\/\/mareikemutzberg.com\/wp-content\/uploads\/2026\/02\/2-1024x1024.png\" width=\"1024\" height=\"1024\" alt=\"\" data-full-image=\"https:\/\/mareikemutzberg.com\/wp-content\/uploads\/2026\/02\/2.png\" data-light-image=\"https:\/\/mareikemutzberg.com\/wp-content\/uploads\/2026\/02\/2.png\" data-id=\"2658\" class=\"wp-image-2658 skip-lazy\" srcset=\"https:\/\/mareikemutzberg.com\/wp-content\/uploads\/2026\/02\/2-1024x1024.png 1024w, https:\/\/mareikemutzberg.com\/wp-content\/uploads\/2026\/02\/2-300x300.png 300w, https:\/\/mareikemutzberg.com\/wp-content\/uploads\/2026\/02\/2-150x150.png 150w, https:\/\/mareikemutzberg.com\/wp-content\/uploads\/2026\/02\/2-768x768.png 768w, https:\/\/mareikemutzberg.com\/wp-content\/uploads\/2026\/02\/2.png 1200w\" sizes=\"auto, (max-width: 1024px) 100vw, 1024px\" \/><\/div><\/div><\/a><\/figure><\/div><\/div><\/li><\/ul><\/div><\/div><\/div><\/div>\n\n\n<div class=\"wp-block-kadence-advancedbtn kb-buttons-wrap kb-btns2655_0b87f5-47\"><a class=\"kb-button kt-button button kb-btn2655_afef34-79 kt-btn-size-large kt-btn-width-type-auto kb-btn-global-fill  kt-btn-has-text-true kt-btn-has-svg-false  wp-block-kadence-singlebtn\" href=\"https:\/\/www.amazon.de\/dp\/B0GMJYCX8Z?ref=cm_sw_r_ffobk_cp_ud_dp_BK33TBD93G1VXJVXHXH3_8&#038;ref_=cm_sw_r_ffobk_cp_ud_dp_BK33TBD93G1VXJVXHXH3_8&#038;social_share=cm_sw_r_ffobk_cp_ud_dp_BK33TBD93G1VXJVXHXH3_8&#038;bestFormat=true\"><span class=\"kt-btn-inner-text\">Read the book now!<\/span><\/a><\/div>\n<\/div><\/div>\n\n\n\n<div class=\"wp-block-columns alignfull are-vertically-aligned-center has-tertiary-background-color has-background is-layout-flex wp-container-core-columns-is-layout-b4fe2647 wp-block-columns-is-layout-flex\" style=\"border-top-left-radius:0px;border-top-right-radius:0px;border-bottom-left-radius:0px;border-bottom-right-radius:0px;padding-top:var(--wp--preset--spacing--60);padding-right:var(--wp--preset--spacing--60);padding-bottom:var(--wp--preset--spacing--60);padding-left:var(--wp--preset--spacing--60)\">\n<div class=\"wp-block-column is-vertically-aligned-center is-layout-flow wp-block-column-is-layout-flow\" style=\"border-top-left-radius:0px;border-bottom-left-radius:0px\">\n<div class=\"wp-block-group alignwide is-vertical is-layout-flex wp-container-core-group-is-layout-c35747d5 wp-block-group-is-layout-flex\">\n<div class=\"wp-block-group has-global-padding is-layout-constrained wp-container-core-group-is-layout-dd32767c wp-block-group-is-layout-constrained\">\n<h2 class=\"wp-block-heading has-foreground-color has-text-color has-link-color wp-elements-1696fb6244eadbb9a71639c0c33f42f4\">Melde dich und erfahre mehr. <\/h2>\n\n\n\n<p class=\"has-foreground-color has-text-color has-link-color wp-elements-57405430ed644cd93990d17aca4a60cf\" style=\"padding-top:var(--wp--preset--spacing--20);padding-bottom:0\">Bist du bereit, deine Bandbreite anzunehmen? Egal ob Gleichgesinnte mit einem Kaleidoscope-Mind, auf der Suche nach einem Spiegel, eine F\u00fchrungskraft, die widerstandsf\u00e4hige Teams aufbauen m\u00f6chte, oder eine Organisation, die bereit ist, \u00fcber den Taylorismus hinauszugehen \u2013 ich w\u00fcrde mich sehr \u00fcber einen Kontakt freuen.<\/p>\n\n\n\n<p>Ich bin verf\u00fcgbar f\u00fcr<\/p>\n\n\n\n<ul class=\"wp-block-list\">\n<li><strong>Keynote Speaking<\/strong> \u00fcber die Zukunft von Arbeit &amp; Bandbreite<\/li>\n\n\n\n<li><strong>Culture &amp; Team Development<\/strong> Consulting.<\/li>\n\n\n\n<li><strong>Strategic Sparring<\/strong> for Hypergrowth Startups.<\/li>\n<\/ul>\n<\/div>\n\n\n\n<div class=\"wp-block-kadence-advancedbtn kb-buttons-wrap kb-btns2655_8e9c9d-45\"><a class=\"kb-button kt-button button kb-btn2655_01c706-c0 kt-btn-size-standard kt-btn-width-type-auto kb-btn-global-fill  kt-btn-has-text-true kt-btn-has-svg-false  wp-block-kadence-singlebtn\" href=\"https:\/\/mareikemutzberg.com\/de\/contact\/\"><span class=\"kt-btn-inner-text\">Schreibe mir eine Nachricht<\/span><\/a><\/div>\n<\/div>\n<\/div>\n\n\n\n<div class=\"wp-block-column is-vertically-aligned-center is-layout-flow wp-block-column-is-layout-flow\">\n<figure class=\"wp-block-image size-full has-custom-border is-style-ext-preset--image--natural-1--image-1--content-right is-style-ext-preset--image--natural-1--image-1--content-right--1\"><img loading=\"lazy\" decoding=\"async\" width=\"748\" height=\"561\" src=\"https:\/\/mareikemutzberg.com\/wp-content\/uploads\/2025\/11\/Screenshot-2025-11-26-at-17.24.27-edited.png\" alt=\"\" class=\"wp-image-1671\" style=\"border-top-left-radius:30px;border-top-right-radius:30px;border-bottom-left-radius:30px;border-bottom-right-radius:30px;aspect-ratio:4\/3;object-fit:cover\" srcset=\"https:\/\/mareikemutzberg.com\/wp-content\/uploads\/2025\/11\/Screenshot-2025-11-26-at-17.24.27-edited.png 748w, https:\/\/mareikemutzberg.com\/wp-content\/uploads\/2025\/11\/Screenshot-2025-11-26-at-17.24.27-edited-300x225.png 300w\" sizes=\"auto, (max-width: 748px) 100vw, 748px\" \/><\/figure>\n<\/div>\n<\/div>","protected":false},"excerpt":{"rendered":"<p>Resonating Minds: What Readers Are Saying Connect with me and learn more. Are you ready to embrace your range? Whether you are a fellow Kaleidoscope Mind looking for a mirror, a leader wanting to build resilient teams, or an organization ready to move beyond Taylorism\u2014I\u2019d love to connect. I am available for:<\/p>","protected":false},"author":4,"featured_media":0,"parent":0,"menu_order":0,"comment_status":"closed","ping_status":"closed","template":"no-title","meta":{"_kadence_starter_templates_imported_post":false,"footnotes":""},"class_list":["post-2655","page","type-page","status-publish","hentry"],"aioseo_notices":[],"_links":{"self":[{"href":"https:\/\/mareikemutzberg.com\/de\/wp-json\/wp\/v2\/pages\/2655","targetHints":{"allow":["GET"]}}],"collection":[{"href":"https:\/\/mareikemutzberg.com\/de\/wp-json\/wp\/v2\/pages"}],"about":[{"href":"https:\/\/mareikemutzberg.com\/de\/wp-json\/wp\/v2\/types\/page"}],"author":[{"embeddable":true,"href":"https:\/\/mareikemutzberg.com\/de\/wp-json\/wp\/v2\/users\/4"}],"replies":[{"embeddable":true,"href":"https:\/\/mareikemutzberg.com\/de\/wp-json\/wp\/v2\/comments?post=2655"}],"version-history":[{"count":92,"href":"https:\/\/mareikemutzberg.com\/de\/wp-json\/wp\/v2\/pages\/2655\/revisions"}],"predecessor-version":[{"id":2788,"href":"https:\/\/mareikemutzberg.com\/de\/wp-json\/wp\/v2\/pages\/2655\/revisions\/2788"}],"wp:attachment":[{"href":"https:\/\/mareikemutzberg.com\/de\/wp-json\/wp\/v2\/media?parent=2655"}],"curies":[{"name":"wp","href":"https:\/\/api.w.org\/{rel}","templated":true}]}}